{"id":322,"date":"2016-02-10T08:59:44","date_gmt":"2016-02-10T08:59:44","guid":{"rendered":"http:\/\/bridge3.qodeinteractive.com\/?page_id=5"},"modified":"2026-01-29T10:49:11","modified_gmt":"2026-01-29T10:49:11","slug":"home","status":"publish","type":"page","link":"https:\/\/www.niproma.com\/en\/","title":{"rendered":"Home"},"content":{"rendered":"<div class=\"wpb-content-wrapper\"><div      class=\"vc_row wpb_row section vc_row-fluid  vc_custom_1529942446611 grid_section\" style='background-color:#f7f7f7; text-align:center;'><div class=\"section_inner clearfix\"><div class='section_inner_margin clearfix'><div class=\"wpb_column vc_column_container vc_col-sm-12 vc_col-lg-6 vc_col-md-6\"><div class=\"vc_column-inner\"><div class=\"wpb_wrapper\"><div class=\"separator  transparent\" style=\"margin-top: 20px;margin-bottom: 0px;height: 0px;\"><\/div>\n\n\t<div class=\"wpb_text_column wpb_content_element\">\n\t\t<div class=\"wpb_wrapper\">\n\t\t\t<h1>Welcome to our website<\/h1>\n\n\t\t<\/div> \n\t<\/div> <div class=\"separator  small center\" style=\"\"><\/div>\n\n\t<div class=\"wpb_text_column wpb_content_element\">\n\t\t<div class=\"wpb_wrapper\">\n\t\t\t<h4>We are a services company\u00a0<strong>industrial automation<\/strong>.<\/h4>\n\n\t\t<\/div> \n\t<\/div> <div class=\"separator  transparent\" style=\"margin-top: 33px;margin-bottom: 0px;height: 0px;\"><\/div>\n\n\t<div class=\"wpb_text_column wpb_content_element\">\n\t\t<div class=\"wpb_wrapper\">\n\t\t\t<p>The professionalism of our<strong>\u00a0technical equipment<\/strong>\u00a0with a\u00a0<strong>great\u00a0<\/strong><strong>experience<\/strong>\u00a0in the sector they guarantee a wide trajectory offering \"turnkey\" solutions, with a firm purpose:<strong>\u00a0\"make the machines move\"<\/strong><\/p>\n\n\t\t<\/div> \n\t<\/div> <\/div><\/div><\/div><div class=\"wpb_column vc_column_container vc_col-sm-12 vc_col-lg-6 vc_col-md-6\"><div class=\"vc_column-inner\"><div class=\"wpb_wrapper\">\n\t<div class=\"wpb_single_image wpb_content_element vc_align_left\">\n\t\t<div class=\"wpb_wrapper\">\n\t\t\t\n\t\t\t<div class=\"vc_single_image-wrapper   vc_box_border_grey\"><img loading=\"lazy\" decoding=\"async\" width=\"855\" height=\"521\" src=\"https:\/\/www.niproma.com\/wp-content\/uploads\/2018\/09\/Imagen_1_INI.jpg\" class=\"vc_single_image-img attachment-full\" alt=\"\" title=\"Imagen_1_INI\" srcset=\"https:\/\/www.niproma.com\/wp-content\/uploads\/2018\/09\/Imagen_1_INI.jpg 855w, https:\/\/www.niproma.com\/wp-content\/uploads\/2018\/09\/Imagen_1_INI-300x183.jpg 300w, https:\/\/www.niproma.com\/wp-content\/uploads\/2018\/09\/Imagen_1_INI-768x468.jpg 768w, https:\/\/www.niproma.com\/wp-content\/uploads\/2018\/09\/Imagen_1_INI-700x427.jpg 700w\" sizes=\"auto, (max-width: 855px) 100vw, 855px\" \/><\/div>\n\t\t<\/div>\n\t<\/div>\n<\/div><\/div><\/div><\/div><\/div><\/div><div      class=\"vc_row wpb_row section vc_row-fluid  vc_custom_1455792249457 grid_section\" style=' text-align:left;'><div class=\"section_inner clearfix\"><div class='section_inner_margin clearfix'><div class=\"wpb_column vc_column_container vc_col-sm-12 vc_col-lg-4 vc_col-md-4\"><div class=\"vc_column-inner\"><div class=\"wpb_wrapper\"><div class='q_icon_with_title tiny normal_icon'><div class=\"icon_holder\" style=\" \"><span data-icon-type=\"normal\"  data-icon-hover-color=\"#ffcc00\" style=\"font-size: 60px;\" class=\"qode_iwt_icon_holder q_font_awsome_icon fa-lg\"><i class=\"qodef-icon-linea-icon icon-basic-home qode_iwt_icon_element\" style=\"color: #acacac;\" ><\/i><\/span><\/div><div class=\"icon_text_holder\" style=\"padding-left:92px;\"><div class=\"icon_text_inner\" style=\"\"><h3 class=\"icon_title\" style=\"font-weight: 700;\">Ethical channel and Niproma policy<\/h3><div class=\"separator  small left\" style=\"margin-top: 7px;margin-bottom: 21px;height: 2px;width: 20px;\"><\/div>\n<p style=''>NIPROMA believes that the ethical behavior is part of the culture that we must have the different actors in the society: companies, administration, citizens and the rest of interested parties. ...<\/p><a itemprop='url' class='icon_with_title_link' href='http:\/\/www.niproma.com\/en\/mision\/' target='_self' style='color: #303030;'>Read more<\/a><\/div><\/div><\/div><div class=\"separator  transparent\" style=\"margin-top: 27px;margin-bottom: 0px;height: 0px;\"><\/div>\n<\/div><\/div><\/div><div class=\"wpb_column vc_column_container vc_col-sm-12 vc_col-lg-4 vc_col-md-4\"><div class=\"vc_column-inner\"><div class=\"wpb_wrapper\"><div class='q_icon_with_title tiny normal_icon'><div class=\"icon_holder\" style=\" \"><span data-icon-type=\"normal\"  data-icon-hover-color=\"#ffcc00\" style=\"font-size: 60px;\" class=\"qode_iwt_icon_holder q_font_awsome_icon fa-lg\"><i class=\"qodef-icon-linea-icon icon-basic-pencil-ruler qode_iwt_icon_element\" style=\"color: #acacac;\" ><\/i><\/span><\/div><div class=\"icon_text_holder\" style=\"padding-left:92px;\"><div class=\"icon_text_inner\" style=\"\"><h3 class=\"icon_title\" style=\"font-weight: 700;\">Singular proyects<\/h3><div class=\"separator  small left\" style=\"margin-top: 7px;margin-bottom: 21px;height: 2px;width: 20px;\"><\/div>\n<p style=''>Niproma is a young company, but at the same time it accumulates the experience of a human team with a long history in industrial automation.<\/p><a itemprop='url' class='icon_with_title_link' href='http:\/\/www.niproma.com\/en\/wp\/proyectos\/' target='_self' style='color: #303030;'>Read more<\/a><\/div><\/div><\/div><div class=\"separator  transparent\" style=\"margin-top: 27px;margin-bottom: 0px;height: 0px;\"><\/div>\n<\/div><\/div><\/div><div class=\"wpb_column vc_column_container vc_col-sm-12 vc_col-lg-4 vc_col-md-4\"><div class=\"vc_column-inner\"><div class=\"wpb_wrapper\"><div class='q_icon_with_title tiny normal_icon'><div class=\"icon_holder\" style=\" \"><span data-icon-type=\"normal\"  data-icon-hover-color=\"#ffcc00\" style=\"font-size: 60px;\" class=\"qode_iwt_icon_holder q_font_awsome_icon fa-lg\"><i class=\"qodef-icon-linea-icon icon-basic-settings qode_iwt_icon_element\" style=\"color: #acacac;\" ><\/i><\/span><\/div><div class=\"icon_text_holder\" style=\"padding-left:92px;\"><div class=\"icon_text_inner\" style=\"\"><h3 class=\"icon_title\" style=\"font-weight: 700;\">Work with us<\/h3><div class=\"separator  small left\" style=\"margin-top: 7px;margin-bottom: 21px;height: 2px;width: 20px;\"><\/div>\n<p style=''>We are a growing company, open to new projects and it is gradually incorporating more professionals. If you want to join the Niproma team, please contact us to find out what vacancies are available.<\/p><a itemprop='url' class='icon_with_title_link' href='http:\/\/www.niproma.com\/en\/wp\/trabaja-con-nosotros\/' target='_self' style='color: #303030;'>Read more<\/a><\/div><\/div><\/div><div class=\"separator  transparent\" style=\"margin-top: 27px;margin-bottom: 0px;height: 0px;\"><\/div>\n<\/div><\/div><\/div><\/div><\/div><\/div><div      class=\"vc_row wpb_row section vc_row-fluid\" style=' text-align:left;'><div class=\"full_section_inner clearfix\"><div class=\"wpb_column vc_column_container vc_col-sm-12\"><div class=\"vc_column-inner\"><div class=\"wpb_wrapper\">\n\t<div class=\"wpb_text_column wpb_content_element\">\n\t\t<div class=\"wpb_wrapper\">\n\t\t\t<h3 style=\"text-align: center;\">SERVICES<\/h3>\n\n\t\t<\/div> \n\t<\/div> \t<div class=\"vc_empty_space\"  style=\"height: 32px\" ><span\n\t\t\tclass=\"vc_empty_space_inner\">\n\t\t\t<span class=\"empty_space_image\"  ><\/span>\n\t\t<\/span><\/div>\n\n<div class='projects_holder_outer v4 portfolio_with_space portfolio_with_hover_text'><div class='projects_holder portfolio_main_holder clearfix v4 hover_text portfolio_square_image diagonal_fade'>\n<article class='mix portfolio_category_21' style=''><div class='image_holder'><a itemprop='url' class='portfolio_link_for_touch' href='https:\/\/www.niproma.com\/en\/portfolio_page\/software\/' target='_self'><span class='image'><img loading=\"lazy\" decoding=\"async\" width=\"360\" height=\"300\" src=\"https:\/\/www.niproma.com\/wp-content\/uploads\/2016\/02\/software-automatas2.jpg\" class=\"attachment-portfolio-square size-portfolio-square wp-post-image\" alt=\"\" srcset=\"https:\/\/www.niproma.com\/wp-content\/uploads\/2016\/02\/software-automatas2.jpg 360w, https:\/\/www.niproma.com\/wp-content\/uploads\/2016\/02\/software-automatas2-300x250.jpg 300w\" sizes=\"auto, (max-width: 360px) 100vw, 360px\" \/><\/span><\/a><span class='text_holder'><span class='text_outer'><span class='text_inner'><div class=\"hover_feature_holder_title\"><div class=\"hover_feature_holder_title_inner\"><h5 itemprop=\"name\" class=\"portfolio_title entry_title\"><a itemprop=\"url\" href=\"https:\/\/www.niproma.com\/en\/portfolio_page\/software\/\"  target=\"_self\">Software for automatons<\/a><\/h5><span class=\"project_category\" >Services<\/span><\/div><\/div><span class='feature_holder'><\/span><\/span><\/span><\/span><\/div><\/article>\n<article class='mix portfolio_category_21' style=''><div class='image_holder'><a itemprop='url' class='portfolio_link_for_touch' href='https:\/\/www.niproma.com\/en\/portfolio_page\/paneles\/' target='_self'><span class='image'><img loading=\"lazy\" decoding=\"async\" width=\"360\" height=\"300\" src=\"https:\/\/www.niproma.com\/wp-content\/uploads\/2016\/02\/Fondo_POP-servicios.png\" class=\"attachment-portfolio-square size-portfolio-square wp-post-image\" alt=\"\" srcset=\"https:\/\/www.niproma.com\/wp-content\/uploads\/2016\/02\/Fondo_POP-servicios.png 360w, https:\/\/www.niproma.com\/wp-content\/uploads\/2016\/02\/Fondo_POP-servicios-300x250.png 300w\" sizes=\"auto, (max-width: 360px) 100vw, 360px\" \/><\/span><\/a><span class='text_holder'><span class='text_outer'><span class='text_inner'><div class=\"hover_feature_holder_title\"><div class=\"hover_feature_holder_title_inner\"><h5 itemprop=\"name\" class=\"portfolio_title entry_title\"><a itemprop=\"url\" href=\"https:\/\/www.niproma.com\/en\/portfolio_page\/paneles\/\"  target=\"_self\">Operator panels<\/a><\/h5><span class=\"project_category\" >Services<\/span><\/div><\/div><span class='feature_holder'><\/span><\/span><\/span><\/span><\/div><\/article>\n<article class='mix portfolio_category_21' style=''><div class='image_holder'><a itemprop='url' class='portfolio_link_for_touch' href='https:\/\/www.niproma.com\/en\/portfolio_page\/scada\/' target='_self'><span class='image'><img loading=\"lazy\" decoding=\"async\" width=\"360\" height=\"300\" src=\"https:\/\/www.niproma.com\/wp-content\/uploads\/2016\/02\/Fondo_SCADA-servicios.png\" class=\"attachment-portfolio-square size-portfolio-square wp-post-image\" alt=\"\" srcset=\"https:\/\/www.niproma.com\/wp-content\/uploads\/2016\/02\/Fondo_SCADA-servicios.png 360w, https:\/\/www.niproma.com\/wp-content\/uploads\/2016\/02\/Fondo_SCADA-servicios-300x250.png 300w\" sizes=\"auto, (max-width: 360px) 100vw, 360px\" \/><\/span><\/a><span class='text_holder'><span class='text_outer'><span class='text_inner'><div class=\"hover_feature_holder_title\"><div class=\"hover_feature_holder_title_inner\"><h5 itemprop=\"name\" class=\"portfolio_title entry_title\"><a itemprop=\"url\" href=\"https:\/\/www.niproma.com\/en\/portfolio_page\/scada\/\"  target=\"_self\">Programming of SCADA<\/a><\/h5><span class=\"project_category\" >Services<\/span><\/div><\/div><span class='feature_holder'><\/span><\/span><\/span><\/span><\/div><\/article>\n<article class='mix portfolio_category_21' style=''><div class='image_holder'><a itemprop='url' class='portfolio_link_for_touch' href='https:\/\/www.niproma.com\/en\/portfolio_page\/marcha\/' target='_self'><span class='image'><img loading=\"lazy\" decoding=\"async\" width=\"360\" height=\"300\" src=\"https:\/\/www.niproma.com\/wp-content\/uploads\/2016\/02\/puesta-marcha2.jpg\" class=\"attachment-portfolio-square size-portfolio-square wp-post-image\" alt=\"\" srcset=\"https:\/\/www.niproma.com\/wp-content\/uploads\/2016\/02\/puesta-marcha2.jpg 360w, https:\/\/www.niproma.com\/wp-content\/uploads\/2016\/02\/puesta-marcha2-300x250.jpg 300w\" sizes=\"auto, (max-width: 360px) 100vw, 360px\" \/><\/span><\/a><span class='text_holder'><span class='text_outer'><span class='text_inner'><div class=\"hover_feature_holder_title\"><div class=\"hover_feature_holder_title_inner\"><h5 itemprop=\"name\" class=\"portfolio_title entry_title\"><a itemprop=\"url\" href=\"https:\/\/www.niproma.com\/en\/portfolio_page\/marcha\/\"  target=\"_self\">Setting of installations<\/a><\/h5><span class=\"project_category\" >Services<\/span><\/div><\/div><span class='feature_holder'><\/span><\/span><\/span><\/span><\/div><\/article>\n<article class='mix portfolio_category_21' style=''><div class='image_holder'><a itemprop='url' class='portfolio_link_for_touch' href='https:\/\/www.niproma.com\/en\/portfolio_page\/esquemas\/' target='_self'><span class='image'><img loading=\"lazy\" decoding=\"async\" width=\"360\" height=\"300\" src=\"https:\/\/www.niproma.com\/wp-content\/uploads\/2016\/02\/Fondo_DIB-servicios.jpg\" class=\"attachment-portfolio-square size-portfolio-square wp-post-image\" alt=\"\" srcset=\"https:\/\/www.niproma.com\/wp-content\/uploads\/2016\/02\/Fondo_DIB-servicios.jpg 360w, https:\/\/www.niproma.com\/wp-content\/uploads\/2016\/02\/Fondo_DIB-servicios-300x250.jpg 300w\" sizes=\"auto, (max-width: 360px) 100vw, 360px\" \/><\/span><\/a><span class='text_holder'><span class='text_outer'><span class='text_inner'><div class=\"hover_feature_holder_title\"><div class=\"hover_feature_holder_title_inner\"><h5 itemprop=\"name\" class=\"portfolio_title entry_title\"><a itemprop=\"url\" href=\"https:\/\/www.niproma.com\/en\/portfolio_page\/esquemas\/\"  target=\"_self\">Electrical diagrams<\/a><\/h5><span class=\"project_category\" >Services<\/span><\/div><\/div><span class='feature_holder'><\/span><\/span><\/span><\/span><\/div><\/article>\n<article class='mix portfolio_category_21' style=''><div class='image_holder'><a itemprop='url' class='portfolio_link_for_touch' href='https:\/\/www.niproma.com\/en\/portfolio_page\/armarios\/' target='_self'><span class='image'><img loading=\"lazy\" decoding=\"async\" width=\"360\" height=\"300\" src=\"https:\/\/www.niproma.com\/wp-content\/uploads\/2016\/02\/Fondo_ARM-servicios.jpg\" class=\"attachment-portfolio-square size-portfolio-square wp-post-image\" alt=\"\" srcset=\"https:\/\/www.niproma.com\/wp-content\/uploads\/2016\/02\/Fondo_ARM-servicios.jpg 360w, https:\/\/www.niproma.com\/wp-content\/uploads\/2016\/02\/Fondo_ARM-servicios-300x250.jpg 300w\" sizes=\"auto, (max-width: 360px) 100vw, 360px\" \/><\/span><\/a><span class='text_holder'><span class='text_outer'><span class='text_inner'><div class=\"hover_feature_holder_title\"><div class=\"hover_feature_holder_title_inner\"><h5 itemprop=\"name\" class=\"portfolio_title entry_title\"><a itemprop=\"url\" href=\"https:\/\/www.niproma.com\/en\/portfolio_page\/armarios\/\"  target=\"_self\">Electric panelboards<\/a><\/h5><span class=\"project_category\" >Services<\/span><\/div><\/div><span class='feature_holder'><\/span><\/span><\/span><\/span><\/div><\/article>\n<article class='mix portfolio_category_21' style=''><div class='image_holder'><a itemprop='url' class='portfolio_link_for_touch' href='https:\/\/www.niproma.com\/en\/portfolio_page\/mantenimiento\/' target='_self'><span class='image'><img loading=\"lazy\" decoding=\"async\" width=\"360\" height=\"300\" src=\"https:\/\/www.niproma.com\/wp-content\/uploads\/2016\/02\/Fondo_Mant-servicios.jpg\" class=\"attachment-portfolio-square size-portfolio-square wp-post-image\" alt=\"\" srcset=\"https:\/\/www.niproma.com\/wp-content\/uploads\/2016\/02\/Fondo_Mant-servicios.jpg 360w, https:\/\/www.niproma.com\/wp-content\/uploads\/2016\/02\/Fondo_Mant-servicios-300x250.jpg 300w\" sizes=\"auto, (max-width: 360px) 100vw, 360px\" \/><\/span><\/a><span class='text_holder'><span class='text_outer'><span class='text_inner'><div class=\"hover_feature_holder_title\"><div class=\"hover_feature_holder_title_inner\"><h5 itemprop=\"name\" class=\"portfolio_title entry_title\"><a itemprop=\"url\" href=\"https:\/\/www.niproma.com\/en\/portfolio_page\/mantenimiento\/\"  target=\"_self\">Maintenance of industrial facilities<\/a><\/h5><span class=\"project_category\" >Services<\/span><\/div><\/div><span class='feature_holder'><\/span><\/span><\/span><\/span><\/div><\/article>\n<article class='mix portfolio_category_21' style=''><div class='image_holder'><a itemprop='url' class='portfolio_link_for_touch' href='https:\/\/www.niproma.com\/en\/portfolio_page\/gestion\/' target='_self'><span class='image'><img loading=\"lazy\" decoding=\"async\" width=\"360\" height=\"300\" src=\"https:\/\/www.niproma.com\/wp-content\/uploads\/2016\/02\/gestion3.jpg\" class=\"attachment-portfolio-square size-portfolio-square wp-post-image\" alt=\"\" srcset=\"https:\/\/www.niproma.com\/wp-content\/uploads\/2016\/02\/gestion3.jpg 360w, https:\/\/www.niproma.com\/wp-content\/uploads\/2016\/02\/gestion3-300x250.jpg 300w\" sizes=\"auto, (max-width: 360px) 100vw, 360px\" \/><\/span><\/a><span class='text_holder'><span class='text_outer'><span class='text_inner'><div class=\"hover_feature_holder_title\"><div class=\"hover_feature_holder_title_inner\"><h5 itemprop=\"name\" class=\"portfolio_title entry_title\"><a itemprop=\"url\" href=\"https:\/\/www.niproma.com\/en\/portfolio_page\/gestion\/\"  target=\"_self\">Project management<\/a><\/h5><span class=\"project_category\" >Services<\/span><\/div><\/div><span class='feature_holder'><\/span><\/span><\/span><\/span><\/div><\/article>\n<div class='filler'><\/div>\n<div class='filler'><\/div>\n<div class='filler'><\/div>\n<div class='filler'><\/div>\n<\/div><\/div>\t<div class=\"vc_empty_space\"  style=\"height: 32px\" ><span\n\t\t\tclass=\"vc_empty_space_inner\">\n\t\t\t<span class=\"empty_space_image\"  ><\/span>\n\t\t<\/span><\/div>\n\n<\/div><\/div><\/div><\/div><\/div><div      class=\"vc_row wpb_row section vc_row-fluid  grid_section\" style=' text-align:left;'><div class=\"section_inner clearfix\"><div class='section_inner_margin clearfix'><div class=\"wpb_column vc_column_container vc_col-sm-6\"><div class=\"vc_column-inner\"><div class=\"wpb_wrapper\">\n\t<div class=\"wpb_single_image wpb_content_element vc_align_left\">\n\t\t<div class=\"wpb_wrapper\">\n\t\t\t\n\t\t\t<div class=\"vc_single_image-wrapper   vc_box_border_grey\"><img loading=\"lazy\" decoding=\"async\" width=\"1113\" height=\"648\" src=\"https:\/\/www.niproma.com\/wp-content\/uploads\/2025\/02\/Cartel-DONES.jpg\" class=\"vc_single_image-img attachment-full\" alt=\"\" title=\"Cartel DONES\" srcset=\"https:\/\/www.niproma.com\/wp-content\/uploads\/2025\/02\/Cartel-DONES.jpg 1113w, https:\/\/www.niproma.com\/wp-content\/uploads\/2025\/02\/Cartel-DONES-300x175.jpg 300w, https:\/\/www.niproma.com\/wp-content\/uploads\/2025\/02\/Cartel-DONES-1024x596.jpg 1024w, https:\/\/www.niproma.com\/wp-content\/uploads\/2025\/02\/Cartel-DONES-768x447.jpg 768w, https:\/\/www.niproma.com\/wp-content\/uploads\/2025\/02\/Cartel-DONES-18x10.jpg 18w, https:\/\/www.niproma.com\/wp-content\/uploads\/2025\/02\/Cartel-DONES-700x408.jpg 700w\" sizes=\"auto, (max-width: 1113px) 100vw, 1113px\" \/><\/div>\n\t\t<\/div>\n\t<\/div>\n\t<div class=\"vc_empty_space\"  style=\"height: 22px\" ><span\n\t\t\tclass=\"vc_empty_space_inner\">\n\t\t\t<span class=\"empty_space_image\"  ><\/span>\n\t\t<\/span><\/div>\n\n\n\t<div class=\"wpb_text_column wpb_content_element\">\n\t\t<div class=\"wpb_wrapper\">\n\t\t\t<p style=\"text-align: justify;\"><span style=\"font-size: 10pt;\">NIPROMA ha sido adjudicataria, dentro del consorcio formado por tres empresas espa\u00f1olas, ESTEYCO, CADINOX y NIPROMA, del proyecto DONES-NEXT.<\/span><\/p>\n<p style=\"text-align: justify;\"><span style=\"font-size: 10pt;\">DONES-NEXT es un ambicioso proyecto de investigaci\u00f3n industrial de 27 meses, cuyo objetivo es desarrollar un conjunto de estudios cr\u00edticos encaminados a adquirir nuevos conocimientos y aptitudes clave para el dise\u00f1o, la construcci\u00f3n y la instalaci\u00f3n de la Test Cell de la gran instalaci\u00f3n cient\u00edfica IFMIF-DONES.<\/span><\/p>\n<p style=\"text-align: justify;\"><span style=\"font-size: 10pt;\">Este proyecto se inicia el 1\/10\/2021 con un presupuesto total de 1,941 M\u20ac, y ha sido subvencionado por el CDTI con el apoyo del Ministerio de Ciencia e Innovaci\u00f3n, en el marco del programa Misiones Ciencia e Innovaci\u00f3n de 2021.<\/span><\/p>\n\n\t\t<\/div> \n\t<\/div> \t<div class=\"vc_empty_space\"  style=\"height: 22px\" ><span\n\t\t\tclass=\"vc_empty_space_inner\">\n\t\t\t<span class=\"empty_space_image\"  ><\/span>\n\t\t<\/span><\/div>\n\n\n\t<div class=\"wpb_raw_code wpb_raw_html wpb_content_element\" >\n\t\t<div class=\"wpb_wrapper\">\n\t\t\t<p><center><div title=\"Sello PYME INNOVADORA 22\/08\/2025\" style=\"width:238px;text-align:center;\"><a style=\"text-decoration:none;\" target=\"_blank\"  href=\"https:\/\/aplicaciones.ciencia.gob.es\/pyiINFO\/buscarPyi.mec?&nif=B84896208\"  title=\"Ir a 'Sello Pyme Innovadora con validez 22\/02\/2025 ' en ventana nueva\" ><div><img decoding=\"async\" alt=\"Sello PYME INNOVADORA 22\/08\/2025\" src=\"https:\/\/aplicaciones.ciencia.gob.es\/pyiINFO\/imagenes\/sello.jpg\" \/><\/div><div style=\"color:#000000;text-decoration: none;margin-top:10px;margin-bottom:10px;\"><div style=\"font-weight:bold;font-size: 16px;\">PYME INNOVADORA<\/div><div style=\"font-size: 10px;\">V\u00e1lido hasta el 22 de agosto de 2025 <\/div><\/div><div><img decoding=\"async\" alt=\"escudo de MEIC 22\/08\/2025\" src=\"https:\/\/aplicaciones.ciencia.gob.es\/pyiINFO\/imagenes\/escudo.jpg\"\/><\/div><\/a><\/div><\/center><\/p>\n\t\t<\/div>\n\t<\/div>\n<\/div><\/div><\/div><div class=\"wpb_column vc_column_container vc_col-sm-6\"><div class=\"vc_column-inner\"><div class=\"wpb_wrapper\">\n\t<div class=\"wpb_single_image wpb_content_element vc_align_left\">\n\t\t<div class=\"wpb_wrapper\">\n\t\t\t\n\t\t\t<div class=\"vc_single_image-wrapper   vc_box_border_grey\"><img loading=\"lazy\" decoding=\"async\" width=\"1497\" height=\"1058\" src=\"https:\/\/www.niproma.com\/wp-content\/uploads\/2024\/08\/J26-Cartel-Actuacion-Desarrollo-de-Energas-Renovables-C7-002-pdf.jpg\" class=\"vc_single_image-img attachment-full\" alt=\"\" title=\"J26 Cartel-Actuacion-Desarrollo-de-Energas-Renovables-C7 (002)\" \/><\/div>\n\t\t<\/div>\n\t<\/div>\n<\/div><\/div><\/div><\/div><\/div><\/div><div      class=\"vc_row wpb_row section vc_row-fluid\" style=' text-align:left;'><div class=\"full_section_inner clearfix\"><div class=\"wpb_column vc_column_container vc_col-sm-12\"><div class=\"vc_column-inner\"><div class=\"wpb_wrapper\">\t<div class=\"vc_empty_space\"  style=\"height: 72px\" ><span\n\t\t\tclass=\"vc_empty_space_inner\">\n\t\t\t<span class=\"empty_space_image\"  ><\/span>\n\t\t<\/span><\/div>\n\n<\/div><\/div><\/div><\/div><\/div>\n<\/div>","protected":false},"excerpt":{"rendered":"Gesti\u00f3n de proyectos El equipo t\u00e9cnico de Niproma realiza la gesti\u00f3n integral de sus proyectos o servicios puntuales para toda la cadena de automatizaci\u00f3n. Gesti\u00f3n integral El equipo t\u00e9cnico de Niproma realiza la gesti\u00f3n integral de\u00a0proyectos de automatizaci\u00f3n industrial. Apoyamos al cliente desde el\u00a0an\u00e1lisis\u00a0de sus...","protected":false},"author":1,"featured_media":0,"parent":0,"menu_order":0,"comment_status":"closed","ping_status":"closed","template":"full_width.php","meta":{"footnotes":""},"class_list":["post-322","page","type-page","status-publish","hentry"],"aioseo_notices":[],"_links":{"self":[{"href":"https:\/\/www.niproma.com\/en\/wp-json\/wp\/v2\/pages\/322","targetHints":{"allow":["GET"]}}],"collection":[{"href":"https:\/\/www.niproma.com\/en\/wp-json\/wp\/v2\/pages"}],"about":[{"href":"https:\/\/www.niproma.com\/en\/wp-json\/wp\/v2\/types\/page"}],"author":[{"embeddable":true,"href":"https:\/\/www.niproma.com\/en\/wp-json\/wp\/v2\/users\/1"}],"replies":[{"embeddable":true,"href":"https:\/\/www.niproma.com\/en\/wp-json\/wp\/v2\/comments?post=322"}],"version-history":[{"count":49,"href":"https:\/\/www.niproma.com\/en\/wp-json\/wp\/v2\/pages\/322\/revisions"}],"predecessor-version":[{"id":904,"href":"https:\/\/www.niproma.com\/en\/wp-json\/wp\/v2\/pages\/322\/revisions\/904"}],"wp:attachment":[{"href":"https:\/\/www.niproma.com\/en\/wp-json\/wp\/v2\/media?parent=322"}],"curies":[{"name":"wp","href":"https:\/\/api.w.org\/{rel}","templated":true}]}}