{"id":415,"date":"2017-11-13T13:05:22","date_gmt":"2017-11-13T13:05:22","guid":{"rendered":"http:\/\/www.niproma.com\/wp\/?page_id=415"},"modified":"2022-06-10T07:26:03","modified_gmt":"2022-06-10T07:26:03","slug":"mision-vision-y-valores-de-niproma","status":"publish","type":"page","link":"https:\/\/www.niproma.com\/en\/mision-vision-y-valores-de-niproma\/","title":{"rendered":"Canal Etico y Pol\u00edtica Niproma"},"content":{"rendered":"<div class=\"wpb-content-wrapper\"><div      class=\"vc_row wpb_row section vc_row-fluid\" style=' text-align:left;'><div class=\"full_section_inner clearfix\"><div class=\"wpb_column vc_column_container vc_col-sm-12\"><div class=\"vc_column-inner\"><div class=\"wpb_wrapper\">\n\t<div class=\"wpb_text_column wpb_content_element\">\n\t\t<div class=\"wpb_wrapper\">\n\t\t\t<p style=\"text-align: justify;\">NIPROMA considera que el comportamiento \u00e9tico forma parte de la cultura que debemos tener los diferentes actores en la sociedad: empresas, administraci\u00f3n, ciudadanos y el resto de partes interesadas. Por ello, NIPROMA se compromete al cumplimiento de la legislaci\u00f3n nacional e internacional vigente donde opere, as\u00ed como el cumplimiento de su c\u00f3digo \u00e9tico y del resto de elementos que forman su sistema de compliance, incluyendo su pol\u00edtica.<\/p>\n<p>&nbsp;<\/p>\n<p><strong>Ver codigo de conducta completo <a href=\"https:\/\/www.niproma.com\/wp-content\/uploads\/2020\/05\/Codigo-conducta-Niproma-2018-19-septiembre-2018.pdf\" target=\"_blank\" rel=\"noopener\">aqu\u00ed.<\/a><\/strong><\/p>\n<p>&nbsp;<\/p>\n<p style=\"text-align: justify;\">La pol\u00edtica de compliance est\u00e1 integrada con calidad conformando la siguiente pol\u00edtica del sistema integrado de gesti\u00f3n:<\/p>\n<p>&nbsp;<\/p>\n<p style=\"text-align: justify;\"><strong><u>Misi\u00f3n<\/u><\/strong><\/p>\n<p style=\"text-align: justify;\">Desde Niproma hemos asumido la misi\u00f3n de acompa\u00f1ar a nuestros clientes como\u00a0socio tecnol\u00f3gico\u00a0para garantizarles el \u00e9xito en sus procesos, a trav\u00e9s del\u00a0desarrollo de soluciones\u00a0que respondan a sus necesidades.<\/p>\n<p>&nbsp;<\/p>\n<p style=\"text-align: justify;\"><strong><u>Visi\u00f3n<\/u><\/strong><\/p>\n<p style=\"text-align: justify;\">Trabajar al lado de nuestros clientes aportando experiencia, conocimiento especializado y compromiso.<\/p>\n<p>&nbsp;<\/p>\n<p style=\"text-align: justify;\"><strong><u>Valores<\/u><\/strong><\/p>\n<ul style=\"text-align: justify;\">\n<li>Aliados con el cliente para lograr el \u00e9xito de su proyecto.<\/li>\n<\/ul>\n<p>&nbsp;<\/p>\n<ul style=\"text-align: justify;\">\n<li>Construcci\u00f3n de\u00a0relaciones duraderas basadas en la confianza.<\/li>\n<\/ul>\n<p>&nbsp;<\/p>\n<ul style=\"text-align: justify;\">\n<li>Foco en el cumplimiento de los requisitos del cliente y aplicables a la organizaci\u00f3n.<\/li>\n<\/ul>\n<p>&nbsp;<\/p>\n<ul style=\"text-align: justify;\">\n<li>\u00c9tica personal y profesional de toda la compa\u00f1\u00eda.<\/li>\n<\/ul>\n<p>&nbsp;<\/p>\n<p style=\"text-align: justify;\"><strong><u>Compromisos<\/u><\/strong><\/p>\n<ul style=\"text-align: justify;\">\n<li>Cumplir la legislaci\u00f3n aplicable, los requisitos establecidos en esta pol\u00edtica, el c\u00f3digo \u00e9tico, as\u00ed como cualquier pol\u00edtica, proceso o manual definido en el sistema de gesti\u00f3n.<\/li>\n<\/ul>\n<p>&nbsp;<\/p>\n<ul style=\"text-align: justify;\">\n<li>Prohibici\u00f3n absoluta de comisi\u00f3n de hechos delictivos.<\/li>\n<\/ul>\n<p>&nbsp;<\/p>\n<ul style=\"text-align: justify;\">\n<li>Hacer uso de los medios que est\u00e9n al alcance de Niproma para prevenir la comisi\u00f3n de delitos en las actividades de comercializaci\u00f3n, dise\u00f1o, fabricaci\u00f3n, montaje y mantenimiento de procesos de automatizaci\u00f3n y armarios el\u00e9ctricos de control y fuerza.<\/li>\n<\/ul>\n<p>&nbsp;<\/p>\n<ul style=\"text-align: justify;\">\n<li>Garantizar la detecci\u00f3n de hechos o conductas sospechosas de riesgo penal, disponiendo entre otros, de:\n<ul>\n<li>un proceso de detecci\u00f3n, evaluaci\u00f3n de riesgos de compliance y toma de acciones preventivas, especialmente en el \u00e1mbito penal, que minimicen la exposici\u00f3n a dichos riesgos.<\/li>\n<li>Un canal de denuncias, asegurando que no se tomar\u00e1n represalias contra el informante.<\/li>\n<\/ul>\n<\/li>\n<\/ul>\n<p>&nbsp;<\/p>\n<ul style=\"text-align: justify;\">\n<li>Establecer medidas disciplinarias para los casos de incumplimientos de la presente pol\u00edtica y de todos los documentos derivados de ella.<\/li>\n<\/ul>\n<p>&nbsp;<\/p>\n<ul style=\"text-align: justify;\">\n<li>Mejorar de manera continua el sistema de gesti\u00f3n de la compa\u00f1\u00eda.<\/li>\n<\/ul>\n<p>&nbsp;<\/p>\n<p><strong>Puede ver el documento de Pol\u00edtica de Gesti\u00f3n firmado <a href=\"https:\/\/www.niproma.com\/wp-content\/uploads\/2022\/06\/Politica-de-Gestion-08_06_2022-firmado.pdf\" target=\"_blank\" rel=\"noopener\">aqu\u00ed<\/a><\/strong><\/p>\n<p>&nbsp;<\/p>\n<p>&nbsp;<\/p>\n<p style=\"text-align: justify;\">En relaci\u00f3n a nuestra absoluta apuesta por el cumplimiento normativo y \u00e9tico, NIPROMA tiene a disposici\u00f3n de empleados, clientes, proveedores y de toda la sociedad, un canal de denuncias a trav\u00e9s del correo electr\u00f3nico:<\/p>\n<p>&nbsp;<\/p>\n<p style=\"text-align: justify;\"><strong><a href=\"mailto:etica@niproma.com\">etica@niproma.com<\/a><\/strong><\/p>\n<p>&nbsp;<\/p>\n<p style=\"text-align: justify;\">Este correo se gestiona por el Comit\u00e9 de Compliance y sirve para comunicar indicios de corrupci\u00f3n o comportamientos contrarios a la legalidad o la \u00e9tica.<\/p>\n<p>&nbsp;<\/p>\n<p style=\"text-align: justify;\"><strong>El Comit\u00e9 Compliance analizar\u00e1 las denuncias recibidas y las pruebas aportadas bas\u00e1ndose en los principios de presunci\u00f3n de inocencia, proporcionalidad, confidencialidad y protecci\u00f3n de los denunciantes.<\/strong><\/p>\n\n\t\t<\/div> \n\t<\/div> <\/div><\/div><\/div><\/div><\/div><div      class=\"vc_row wpb_row section vc_row-fluid\" style=' text-align:left;'><div class=\"full_section_inner clearfix\"><div class=\"wpb_column vc_column_container vc_col-sm-12\"><div class=\"vc_column-inner\"><div class=\"wpb_wrapper\">\t<div class=\"vc_empty_space\"  style=\"height: 72px\" ><span\n\t\t\tclass=\"vc_empty_space_inner\">\n\t\t\t<span class=\"empty_space_image\"  ><\/span>\n\t\t<\/span><\/div>\n\n<\/div><\/div><\/div><\/div><\/div>\n<\/div>","protected":false},"excerpt":{"rendered":"NIPROMA considera que el comportamiento \u00e9tico forma parte de la cultura que debemos tener los diferentes actores en la sociedad: empresas, administraci\u00f3n, ciudadanos y el resto de partes interesadas. Por ello, NIPROMA se compromete al cumplimiento de la legislaci\u00f3n nacional e internacional vigente donde opere,...","protected":false},"author":1,"featured_media":0,"parent":0,"menu_order":0,"comment_status":"closed","ping_status":"closed","template":"","meta":{"footnotes":""},"class_list":["post-415","page","type-page","status-publish","hentry"],"aioseo_notices":[],"_links":{"self":[{"href":"https:\/\/www.niproma.com\/en\/wp-json\/wp\/v2\/pages\/415","targetHints":{"allow":["GET"]}}],"collection":[{"href":"https:\/\/www.niproma.com\/en\/wp-json\/wp\/v2\/pages"}],"about":[{"href":"https:\/\/www.niproma.com\/en\/wp-json\/wp\/v2\/types\/page"}],"author":[{"embeddable":true,"href":"https:\/\/www.niproma.com\/en\/wp-json\/wp\/v2\/users\/1"}],"replies":[{"embeddable":true,"href":"https:\/\/www.niproma.com\/en\/wp-json\/wp\/v2\/comments?post=415"}],"version-history":[{"count":13,"href":"https:\/\/www.niproma.com\/en\/wp-json\/wp\/v2\/pages\/415\/revisions"}],"predecessor-version":[{"id":864,"href":"https:\/\/www.niproma.com\/en\/wp-json\/wp\/v2\/pages\/415\/revisions\/864"}],"wp:attachment":[{"href":"https:\/\/www.niproma.com\/en\/wp-json\/wp\/v2\/media?parent=415"}],"curies":[{"name":"wp","href":"https:\/\/api.w.org\/{rel}","templated":true}]}}