{"id":419,"date":"2017-11-13T13:10:17","date_gmt":"2017-11-13T13:10:17","guid":{"rendered":"http:\/\/www.niproma.com\/wp\/?page_id=419"},"modified":"2018-06-25T11:52:15","modified_gmt":"2018-06-25T11:52:15","slug":"trabaja-con-nosotros","status":"publish","type":"page","link":"https:\/\/www.niproma.com\/en\/trabaja-con-nosotros\/","title":{"rendered":"Work with us"},"content":{"rendered":"<div class=\"wpb-content-wrapper\"><div      class=\"vc_row wpb_row section vc_row-fluid\" style=' text-align:left;'><div class=\"full_section_inner clearfix\"><div class=\"wpb_column vc_column_container vc_col-sm-2\"><div class=\"vc_column-inner\"><div class=\"wpb_wrapper\"><\/div><\/div><\/div><div class=\"wpb_column vc_column_container vc_col-sm-8\"><div class=\"vc_column-inner\"><div class=\"wpb_wrapper\">\n\t<div class=\"wpb_text_column wpb_content_element\">\n\t\t<div class=\"wpb_wrapper\">\n\t\t\t<p>Somos una empresa en crecimiento, abierta a nuevos proyectos y que va incorporando poco a poco a m\u00e1s profesionales.<\/p>\n<p>Si quieres sumarte al equipo humano de Niproma, ponte en<a href=\"https:\/\/www.niproma.com\/en\/es\/contacto.php\/\"><strong>\u00a0contacto con nosotros<\/strong><\/a>\u00a0para saber qu\u00e9 vacantes hay disponibles.<\/p>\n<p>&nbsp;<\/p>\n<h4>Candidaturas espont\u00e1neas<\/h4>\n<p>\u00bfTe gusta lo que hacemos y quieres trabajar con nosotros?<\/p>\n<p>Env\u00edanos un e-mail a\u00a0<strong><a href=\"mailto:info@niproma.com\">info@niproma.com<\/a><\/strong>\u00a0cont\u00e1ndonos qui\u00e9n eres y en qu\u00e9 eres bueno.<\/p>\n\n\t\t<\/div> \n\t<\/div> \t<div class=\"vc_empty_space\"  style=\"height: 82px\" ><span\n\t\t\tclass=\"vc_empty_space_inner\">\n\t\t\t<span class=\"empty_space_image\"  ><\/span>\n\t\t<\/span><\/div>\n\n<\/div><\/div><\/div><div class=\"wpb_column vc_column_container vc_col-sm-2\"><div class=\"vc_column-inner\"><div class=\"wpb_wrapper\"><\/div><\/div><\/div><\/div><\/div><div      class=\"vc_row wpb_row section vc_row-fluid\" style=' text-align:left;'><div class=\"full_section_inner clearfix\"><div class=\"wpb_column vc_column_container vc_col-sm-12\"><div class=\"vc_column-inner\"><div class=\"wpb_wrapper\"><div class=\"separator  normal\" style=\"\"><\/div>\n<\/div><\/div><\/div><\/div><\/div><div      class=\"vc_row wpb_row section vc_row-fluid\" style=' text-align:left;'><div class=\"full_section_inner clearfix\"><div class=\"wpb_column vc_column_container vc_col-sm-12\"><div class=\"vc_column-inner\"><div class=\"wpb_wrapper\"><div class=\"separator  normal\" style=\"\"><\/div>\n<\/div><\/div><\/div><\/div><\/div>\n<\/div>","protected":false},"excerpt":{"rendered":"Somos una empresa en crecimiento, abierta a nuevos proyectos y que va incorporando poco a poco a m\u00e1s profesionales. Si quieres sumarte al equipo humano de Niproma, ponte en\u00a0contacto con nosotros\u00a0para saber qu\u00e9 vacantes hay disponibles. &nbsp; Candidaturas espont\u00e1neas \u00bfTe gusta lo que hacemos y...","protected":false},"author":1,"featured_media":0,"parent":0,"menu_order":0,"comment_status":"closed","ping_status":"closed","template":"","meta":{"footnotes":""},"class_list":["post-419","page","type-page","status-publish","hentry"],"aioseo_notices":[],"_links":{"self":[{"href":"https:\/\/www.niproma.com\/en\/wp-json\/wp\/v2\/pages\/419","targetHints":{"allow":["GET"]}}],"collection":[{"href":"https:\/\/www.niproma.com\/en\/wp-json\/wp\/v2\/pages"}],"about":[{"href":"https:\/\/www.niproma.com\/en\/wp-json\/wp\/v2\/types\/page"}],"author":[{"embeddable":true,"href":"https:\/\/www.niproma.com\/en\/wp-json\/wp\/v2\/users\/1"}],"replies":[{"embeddable":true,"href":"https:\/\/www.niproma.com\/en\/wp-json\/wp\/v2\/comments?post=419"}],"version-history":[{"count":3,"href":"https:\/\/www.niproma.com\/en\/wp-json\/wp\/v2\/pages\/419\/revisions"}],"predecessor-version":[{"id":487,"href":"https:\/\/www.niproma.com\/en\/wp-json\/wp\/v2\/pages\/419\/revisions\/487"}],"wp:attachment":[{"href":"https:\/\/www.niproma.com\/en\/wp-json\/wp\/v2\/media?parent=419"}],"curies":[{"name":"wp","href":"https:\/\/api.w.org\/{rel}","templated":true}]}}