{"id":504,"date":"2018-09-18T10:50:02","date_gmt":"2018-09-18T10:50:02","guid":{"rendered":"http:\/\/www.niproma.com\/wp\/?page_id=504"},"modified":"2026-02-23T16:46:09","modified_gmt":"2026-02-23T16:46:09","slug":"aviso-legal","status":"publish","type":"page","link":"https:\/\/www.niproma.com\/en\/aviso-legal\/","title":{"rendered":"Legal Notice"},"content":{"rendered":"<div class=\"wpb-content-wrapper\"><div      class=\"vc_row wpb_row section vc_row-fluid  grid_section\" style=' text-align:left;'><div class=\"section_inner clearfix\"><div class='section_inner_margin clearfix'><div class=\"wpb_column vc_column_container vc_col-sm-12\"><div class=\"vc_column-inner\"><div class=\"wpb_wrapper\">\n\t<div class=\"wpb_text_column wpb_content_element\">\n\t\t<div class=\"wpb_wrapper\">\n\t\t\t<p><span style=\"font-size: 24pt;\"><strong>Aviso legal y de privacidad<\/strong><\/span><\/p>\n<p><strong>Pol\u00edtica de privacidad<\/strong><\/p>\n<p>&nbsp;<\/p>\n<p>Mediante este documento, Niproma Automatismos S.L. (en adelante, Niproma) informa de su Pol\u00edtica de Privacidad a todas las personas que proporcionen datos personales tanto a trav\u00e9s de sus servicios web como por otro cualquier otro medio.<\/p>\n<p>&nbsp;<\/p>\n<p>Tambi\u00e9n cumple la legislaci\u00f3n espa\u00f1ola y europea en cuanto a protecci\u00f3n de datos personales, privacidad y sociedad de la informaci\u00f3n tal y como se describe en este documento.<\/p>\n<p>&nbsp;<\/p>\n<p>Del mismo modo, se reserva el derecho a modificar la presente pol\u00edtica para adaptarla a novedades legislativas o jurisprudenciales, as\u00ed como a las buenas pr\u00e1cticas del sector.<\/p>\n<p>&nbsp;<\/p>\n<p>Niproma ha adoptado los niveles de seguridad de protecci\u00f3n de los datos personales legalmente requeridos, y ha instalado todos los medios y medidas t\u00e9cnicas a su alcance para evitar la p\u00e9rdida, mal uso, alteraci\u00f3n, acceso no autorizado y robo de los datos personales facilitados a Niproma.<\/p>\n<p>&nbsp;<\/p>\n<p><strong>Responsabilidad sobre los datos personales<\/strong><\/p>\n<p>Niproma desarrolla una actividad empresarial leg\u00edtima. Los tratamientos de datos necesarios imprescindibles para establecer contactos y comunicaciones con empleados, clientes, proveedores y administraciones p\u00fablicas lo son en cuanto al cumplimiento de las obligaciones legales. Para cualquier otro tratamiento no imprescindible para estos fines, Niproma recabar\u00e1 consentimientos espec\u00edficos e informados de los interesados.<\/p>\n<p>&nbsp;<\/p>\n<p>Debido a esto, Niproma adquiere la naturaleza de Responsable del Tratamiento de los datos proporcionados dentro de la legitimidad<\/p>\n<p>&nbsp;<\/p>\n<p><strong>Identificaci\u00f3n de Niproma respecto al tratamiento de datos de la Ley de Servicios de la Sociedad de la Informaci\u00f3n <\/strong><\/p>\n<p>Como responsable del tratamiento y de la p\u00e1gina web, Niproma se identifica de la siguiente forma:<\/p>\n<p>&nbsp;<\/p>\n<p>Niproma Automatismos SL. CIF: B84896208.<\/p>\n<p>Avda. Del Sistema Solar 13, \u2013 Nave 13 28830 \u2013 (San Fernando De Henares) \u2013 Madrid. Registro Mercantil Central de Madrid, Tomo 23544, Folio 108, Secci\u00f3n 8, hoja 422.<\/p>\n<p>&nbsp;<\/p>\n<p><strong>Datos que se recogen y tratan, finalidad y legitimidad <\/strong><\/p>\n<p>Los datos recogidos y tratados por Niproma tienen la finalidad de responder consultas comerciales, remitir informaci\u00f3n comercial, establecer comunicaciones con clientes, proveedores o empleados y poderlos identificar.<\/p>\n<p>&nbsp;<\/p>\n<p>A veces, las leyes obligan a guardar los datos durante a\u00f1os, por lo que Niproma tendr\u00e1 que conservarlos. Cuando esto suceda, ser\u00e1n anonimizados de forma que no sea posible relacionarlos entre s\u00ed o entenderlos sin ayuda de Niproma y mucho esfuerzo, solo bajo obligaci\u00f3n legal.<\/p>\n<p>&nbsp;<\/p>\n<p>Niproma cancelar\u00e1 de inmediato los datos que por alguna raz\u00f3n no se ajusten a sus fines leg\u00edtimos o si ha terminado la legitimidad para la que se recogieron.<\/p>\n<p>&nbsp;<\/p>\n<p>Para todos tratamientos leg\u00edtimos que no responsan a una obligaci\u00f3n legal, Niproma solicitar\u00e1 consentimiento expl\u00edcito y previamente informado de los interesados.<\/p>\n<p>&nbsp;<\/p>\n<p>La web de Niproma pueden contener peque\u00f1os programas, llamados com\u00fanmente cookies, para facilitar la navegaci\u00f3n u otras funciones.<\/p>\n<p>&nbsp;<\/p>\n<p>Estos programas pueden efectuar algunas operaciones en su navegador u obtener algunos datos sobre sus dispositivos.<\/p>\n<p>&nbsp;<\/p>\n<p>El usuario puede oponerse al uso de todas aquellas cookies o equivalente que no sea imprescindibles para el funcionamiento de la web pulsando las opciones de rechazo de la misma web o configurando su navegador para bloquearlas. Esta \u00faltima opci\u00f3n podr\u00eda hacer que la web no funcionara bien. Es posible obtener m\u00e1s informaci\u00f3n en la Pol\u00edtica de Cookies de esta web.<\/p>\n<p>&nbsp;<\/p>\n<p><strong>Cesiones y accesos previstos<\/strong><\/p>\n<p>Niproma dispone de algunos proveedores con los que ha establecido una relaci\u00f3n de Responsable del Tratamiento \u2013 Encargado de Tratamiento para algunos servicios como puedan ser de relaciones laborales, legales o tributarias. Esta relaci\u00f3n se realiza siempre mediante contrato y bajo los mismos principios de legalidad y confidencialidad que Niproma defiende. Los propietarios de los datos que puedan ser comunicados para su tratamiento podr\u00e1n recibir informaci\u00f3n sobre la naturaleza de estas comunicaciones y sobre las entidades que presten estos servicios.<\/p>\n<p>&nbsp;<\/p>\n<p>Las autoridades, en el ejercicio de sus funciones, pueden acceder a los datos tratados y custodiados por Niproma en los casos que contemplan las leyes.<\/p>\n<p>&nbsp;<\/p>\n<p><strong>Derechos y ejercicio de derechos<\/strong><\/p>\n<p>Los propietarios de los datos y los usuarios disponen de los siguientes derechos;<\/p>\n<p>&nbsp;<\/p>\n<ul>\n<li>Derecho de acceso a los datos personales que trata Niproma y a saber su origen;<\/li>\n<li>Derecho a rectificar los datos err\u00f3neos o desactualizados;<\/li>\n<li>Derecho a que se supriman los datos cuya finalidad o legitimidad de tratamiento haya desaparecido;<\/li>\n<li>Derecho a quede limitado el uso de los datos mientras se resuelven ejercicios de derechos o reclamaciones;<\/li>\n<li>Derecho a oponerse al tratamiento para todo aquello que no sea imprescindible dentro del tratamiento legal que se efect\u00fae;<\/li>\n<li>Derecho de cancelaci\u00f3n de los datos que no se est\u00e9n tratando bajo otra obligaci\u00f3n legal;<\/li>\n<li>Derecho de portabilidad, en los casos que puedan corresponder por la actividad de Niproma.<\/li>\n<\/ul>\n<p>&nbsp;<\/p>\n<p>Cualquiera de los derechos puede ejercitarse contactando con Niproma a trav\u00e9s del correo electr\u00f3nico:<\/p>\n<p>&nbsp;<\/p>\n<p><a href=\"mailto:rgpd@niproma.com\">rgpd@niproma.com<\/a>.<\/p>\n<p>&nbsp;<\/p>\n<p>Las consultas sobre los tratamientos efectuados por Niproma, los Encargados de Tratamiento con los que trabamos, los plazos de conservaci\u00f3n y otras cuestiones podr\u00e1n efectuarse en la misma direcci\u00f3n de correo antes indicada. Para el ejercicio de derechos y para algunas consultas ser\u00e1 necesario inter\u00e9s leg\u00edtimo, por lo que podr\u00e1 requerirse identificaci\u00f3n previa por medios v\u00e1lidos en derecho.<\/p>\n<p>&nbsp;<\/p>\n<p>En cualquier caso es posible obtener informaci\u00f3n general sobre los tratamientos de datos o presentar reclamaciones ante la Agencia Espa\u00f1ola de Protecci\u00f3n de Datos<\/p>\n<p>&nbsp;<\/p>\n<p><a href=\"http:\/\/www.aepd.es\">www.aepd.es<\/a><\/p>\n<p>&nbsp;<\/p>\n<p><strong>Exenci\u00f3n de Responsabilidad<\/strong><\/p>\n<p>Niproma se reserva la facultad de efectuar, en cualquier momento y sin necesidad de previo aviso, modificaciones respecto a la informaci\u00f3n contenida en su web o en la configuraci\u00f3n y presentaci\u00f3n de \u00e9ste.<\/p>\n<p>&nbsp;<\/p>\n<p>Tanto el acceso a este web como el uso que pueda hacerse de la informaci\u00f3n contenida en el mismo es de la exclusiva responsabilidad de quien lo realiza. Por ello, Niproma no responder\u00e1 de ninguna consecuencia, da\u00f1o o perjuicio que pudieran derivarse de dicho acceso o uso de la informaci\u00f3n.<\/p>\n<p>&nbsp;<\/p>\n<p>Niproma s\u00f3lo responder\u00e1 de los errores u omisiones que figuren en la informaci\u00f3n de su titularidad, comprometi\u00e9ndose respecto al resto de la informaci\u00f3n a realizar sus mejores esfuerzos para que los titulares procedan a su actualizaci\u00f3n. Los derechos derivados de Niproma en sus diferentes modalidades pertenecen a Niproma, por lo que su utilizaci\u00f3n no autorizada por terceros dar\u00e1 lugar a las responsabilidades legalmente establecidas.<\/p>\n<p>&nbsp;<\/p>\n<p>Las eventuales referencias que se hagan en el web de Niproma a cualquier producto, servicio, proceso, enlace, hipertexto o cualquier otra informaci\u00f3n en la que se utilice la marca, el nombre comercial o el nombre del fabricante, suministrador, etc., que sean titularidad de terceros no constituir\u00e1 ni implicar\u00e1 respaldo, patrocinio o recomendaci\u00f3n alguna por parte de Niproma.<\/p>\n<p>&nbsp;<\/p>\n<p>Del mismo modo, Niproma no se hace responsable de cualquier efecto indeseado que pueda derivarse de tanto del mal uso de la web como de las webs de terceros a las que se haya podido llegar despu\u00e9s de la de Niproma.<\/p>\n<p>&nbsp;<\/p>\n<p><strong>Titularidad del web y de si contenido<\/strong><\/p>\n<p>Los derechos de propiedad intelectual de la web de Niproma y de los distintos elementos en \u00e9l contenidos, incluidas im\u00e1genes, marcas, logos y otros son titularidad de Niproma y corresponde a dicha entidad el ejercicio exclusivo de los derechos de explotaci\u00f3n en cualquier forma y, en especial, los derechos de reproducci\u00f3n, distribuci\u00f3n, comunicaci\u00f3n p\u00fablica y transformaci\u00f3n. Estos derechos est\u00e1n amparados por el Decreto Legislativo 1\/1996 de 12 de abril, entre otras.<\/p>\n<p>&nbsp;<\/p>\n<p>Este aviso sobre los derechos de propiedad intelectual y sobre protecci\u00f3n de datos se hace es extensivo y afecta a cualquier otra web, blog, presentaci\u00f3n, o material escrito o visual que pueda encontrarse en plataformas de contenido o redes sociales bajo control de Niproma.<\/p>\n<p>&nbsp;<\/p>\n<p>En principio, se concede el derecho de reproducci\u00f3n parcial de su contenido siempre que concurran las siguientes condiciones:<\/p>\n<p>Que sea compatible con los fines del web de Niproma;<\/p>\n<p>&nbsp;<\/p>\n<ul>\n<li>Que se realice con \u00e1nimo de obtener la informaci\u00f3n contenida y no con prop\u00f3sito comercial;<\/li>\n<li>Que ninguno de los documentos o gr\u00e1ficos relacionados en este web sea modificados de ninguna manera;<\/li>\n<li>Que ning\u00fan gr\u00e1fico disponible en este web sea utilizado, copiado o distribuido separadamente del texto o resto de im\u00e1genes que lo acompa\u00f1an;<\/li>\n<li>Que sea comunicado previamente a Niproma.<\/li>\n<\/ul>\n\n\t\t<\/div> \n\t<\/div> <\/div><\/div><\/div><\/div><\/div><\/div><div      class=\"vc_row wpb_row section vc_row-fluid\" style=' text-align:left;'><div class=\"full_section_inner clearfix\"><div class=\"wpb_column vc_column_container vc_col-sm-12\"><div class=\"vc_column-inner\"><div class=\"wpb_wrapper\">\t<div class=\"vc_empty_space\"  style=\"height: 72px\" ><span\n\t\t\tclass=\"vc_empty_space_inner\">\n\t\t\t<span class=\"empty_space_image\"  ><\/span>\n\t\t<\/span><\/div>\n\n<\/div><\/div><\/div><\/div><\/div>\n<\/div>","protected":false},"excerpt":{"rendered":"Aviso legal y de privacidad Pol\u00edtica de privacidad &nbsp; Mediante este documento, Niproma Automatismos S.L. (en adelante, Niproma) informa de su Pol\u00edtica de Privacidad a todas las personas que proporcionen datos personales tanto a trav\u00e9s de sus servicios web como por otro cualquier otro medio....","protected":false},"author":1,"featured_media":0,"parent":0,"menu_order":0,"comment_status":"closed","ping_status":"closed","template":"","meta":{"footnotes":""},"class_list":["post-504","page","type-page","status-publish","hentry"],"aioseo_notices":[],"_links":{"self":[{"href":"https:\/\/www.niproma.com\/en\/wp-json\/wp\/v2\/pages\/504","targetHints":{"allow":["GET"]}}],"collection":[{"href":"https:\/\/www.niproma.com\/en\/wp-json\/wp\/v2\/pages"}],"about":[{"href":"https:\/\/www.niproma.com\/en\/wp-json\/wp\/v2\/types\/page"}],"author":[{"embeddable":true,"href":"https:\/\/www.niproma.com\/en\/wp-json\/wp\/v2\/users\/1"}],"replies":[{"embeddable":true,"href":"https:\/\/www.niproma.com\/en\/wp-json\/wp\/v2\/comments?post=504"}],"version-history":[{"count":8,"href":"https:\/\/www.niproma.com\/en\/wp-json\/wp\/v2\/pages\/504\/revisions"}],"predecessor-version":[{"id":918,"href":"https:\/\/www.niproma.com\/en\/wp-json\/wp\/v2\/pages\/504\/revisions\/918"}],"wp:attachment":[{"href":"https:\/\/www.niproma.com\/en\/wp-json\/wp\/v2\/media?parent=504"}],"curies":[{"name":"wp","href":"https:\/\/api.w.org\/{rel}","templated":true}]}}