{"id":508,"date":"2018-09-18T11:17:26","date_gmt":"2018-09-18T11:17:26","guid":{"rendered":"http:\/\/www.niproma.com\/wp\/politica-de-cookies\/"},"modified":"2026-01-28T14:14:52","modified_gmt":"2026-01-28T14:14:52","slug":"politica-de-cookies","status":"publish","type":"page","link":"https:\/\/www.niproma.com\/en\/politica-de-cookies\/","title":{"rendered":"Cookie Policy"},"content":{"rendered":"<div class=\"wpb-content-wrapper\"><div      class=\"vc_row wpb_row section vc_row-fluid  grid_section\" style=' text-align:left;'><div class=\"section_inner clearfix\"><div class='section_inner_margin clearfix'><div class=\"wpb_column vc_column_container vc_col-sm-12\"><div class=\"vc_column-inner\"><div class=\"wpb_wrapper\">\n\t<div class=\"wpb_text_column wpb_content_element\">\n\t\t<div class=\"wpb_wrapper\">\n\t\t\t<h1 style=\"text-align: justify;\">Cookie Policy<\/h1>\n<p>&nbsp;<\/p>\n<div class=\"policy-preview-container\">\n<div class=\"policy-content\">\n<h2>\u00bfQu\u00e9 son las cookies?<\/h2>\n<p>&nbsp;<\/p>\n<div class=\"cookie-policy-p\">\n<p>Esta pol\u00edtica de cookies explica qu\u00e9 son las cookies, c\u00f3mo las usamos, los tipos de cookies que usamos (p. ej., la informaci\u00f3n que recopilamos al usar las cookies y c\u00f3mo se usa dicha informaci\u00f3n) y c\u00f3mo gestionar su configuraci\u00f3n de cookies.<\/p>\n<p>&nbsp;<\/p>\n<p>Las cookies son archivos de texto peque\u00f1os que se usan para almacenar ciertos elementos de informaci\u00f3n. Se almacenan en su dispositivo cuando se carga un sitio web en su navegador. Estas cookies ayudan a garantizar que el sitio web funcione de manera adecuada, refuerzan la seguridad, ofrecen una experiencia de usuario mejor y analizan el rendimiento para identificar lo que funciona correctamente y lo que necesita mejoras.<\/p>\n<p>&nbsp;<\/p>\n<\/div>\n<h2>\u00bfC\u00f3mo usamos las cookies?<\/h2>\n<p>&nbsp;<\/p>\n<div class=\"cookie-policy-p\">\n<p>Como la mayor\u00eda de los servicios en l\u00ednea, nuestro sitio web usa cookies de origen y cookies de terceros para varios prop\u00f3sitos. Las cookies de origen son b\u00e1sicamente necesarias para que el sitio web funcione de manera adecuada; no recopilan ning\u00fan dato personal identificable.<\/p>\n<p>&nbsp;<\/p>\n<p>Las cookies de terceros que se usan en nuestro sitio web nos ayudan principalmente a comprender c\u00f3mo responde este; hacen un seguimiento sobre c\u00f3mo interact\u00faa usted con \u00e9l; protegen nuestros servicios; ofrecen publicidad de inter\u00e9s; y mejoran su experiencia de usuario en general, a la vez que optimizan la velocidad de sus interacciones posteriores en nuestro sitio web.<\/p>\n<p>&nbsp;<\/p>\n<\/div>\n<h2>Tipos de cookies que usamos<\/h2>\n<p>&nbsp;<\/p>\n<div class=\"cky-audit-table-element\">\n<div>\n<p class=\"text-xl font-semibold mb-2\"><strong>Necesaria<\/strong><\/p>\n<div class=\"cky-category-des\">\n<p>Las cookies necesarias son cruciales para las funciones b\u00e1sicas del sitio web y el sitio web no funcionar\u00e1 de la forma prevista sin ellas.Estas cookies no almacenan ning\u00fan dato de identificaci\u00f3n personal.<\/p>\n<\/div>\n<div class=\"cky-table-wrapper\">\n<table class=\"cky-cookie-audit-table\">\n<thead>\n<tr>\n<th>Cookie<\/th>\n<th>Duration<\/th>\n<th>Description<\/th>\n<\/tr>\n<\/thead>\n<tbody>\n<tr>\n<td>wpEmojiSettingsSupports<\/td>\n<td>sesi\u00f3n<\/td>\n<td>\n<pre id=\"tw-target-text\" class=\"tw-data-text tw-text-large tw-ta\" dir=\"ltr\" tabindex=\"-1\" role=\"text\" data-placeholder=\"Traducci\u00f3n\" data-ved=\"2ahUKEwjpuomFq66SAxX3VaQEHVmUK2MQ3ewLegQIDBAV\" aria-label=\"Texto traducido: WordPress establece esta cookie cuando un usuario interact\u00faa con emojis en un sitio de WordPress. Ayuda a determinar si el navegador del usuario puede mostrar emojis correctamente.\"><\/pre>\n<\/td>\n<\/tr>\n<tr>\n<td>cookieyes-consent<\/td>\n<td>1 a\u00f1o<\/td>\n<td>CookieYes establece esta cookie para recordar las preferencias de consentimiento de los usuarios, de modo que se respeten sus preferencias en las siguientes visitas a este sitio. No recoge ni almacena ninguna informaci\u00f3n personal sobre los visitantes del sitio<\/td>\n<\/tr>\n<\/tbody>\n<\/table>\n<\/div>\n<\/div>\n<div>\n<p>&nbsp;<\/p>\n<p class=\"text-xl font-semibold mb-2\"><strong>Anuncio<\/strong><\/p>\n<p>&nbsp;<\/p>\n<div class=\"cky-category-des\">\n<p>Las cookies publicitarias se utilizan para entregar a los visitantes anuncios personalizados basados \u200b\u200ben las p\u00e1ginas que visitaron antes y analizar la efectividad de la campa\u00f1a publicitaria.<\/p>\n<p>&nbsp;<\/p>\n<\/div>\n<div class=\"cky-table-wrapper\">\n<table class=\"cky-cookie-audit-table\" style=\"width: 100.169%; height: 120px;\">\n<thead>\n<tr style=\"height: 24px;\">\n<th style=\"height: 24px; width: 10.3041%;\">Cookie<\/th>\n<th style=\"height: 24px; width: 13.3446%;\">Duration<\/th>\n<th style=\"height: 24px; width: 74.8311%;\">Description<\/th>\n<\/tr>\n<\/thead>\n<tbody>\n<tr style=\"height: 96px;\">\n<td style=\"height: 96px; width: 10.3041%;\">NID<\/td>\n<td style=\"height: 96px; width: 13.3446%;\">6 meses<\/td>\n<td style=\"height: 96px; width: 74.8311%;\">Google establece la cookie con fines publicitarios; para limitar el n\u00famero de veces que el usuario ve un anuncio, para silenciar anuncios no deseados y para medir la eficacia de los anuncios.<\/td>\n<\/tr>\n<\/tbody>\n<\/table>\n<\/div>\n<\/div>\n<div>\n<p>&nbsp;<\/p>\n<p class=\"text-xl font-semibold mb-2\"><strong>Sin categorizar<\/strong><\/p>\n<div class=\"cky-category-des\">\n<p>&nbsp;<\/p>\n<p>Otras cookies no categorizadas son las que se est\u00e1n analizando y a\u00fan no se han clasificado en una categor\u00eda.<\/p>\n<p>&nbsp;<\/p>\n<\/div>\n<\/div>\n<\/div>\n<h2>Gestionar preferencias de cookies<\/h2>\n<p>&nbsp;<\/p>\n<p><strong><a class=\"cky-banner-element\">Preferencias de consentimiento<\/a><\/strong><\/p>\n<div>\n<p>&nbsp;<\/p>\n<p>Podr\u00e1 modificar su configuraci\u00f3n de cookies en cualquier momento al hacer clic en el bot\u00f3n Preferencias de consentimiento, situado en la parte superior. Esta opci\u00f3n le permitir\u00e1 volver a visitar el banner de consentimiento de cookies y actualizar sus preferencias, o bien retirar su consentimiento de inmediato.<\/p>\n<p>&nbsp;<\/p>\n<p>Asimismo, los diferentes navegadores ofrecen varios m\u00e9todos para bloquear y eliminar cookies que usan los sitios web. Puede modificar los ajustes de su navegador para bloquear o eliminar cookies. A continuaci\u00f3n, ver\u00e1 enlaces de documentos de ayuda para saber c\u00f3mo gestionar y eliminar cookies en los principales navegadores web.<\/p>\n<p>&nbsp;<\/p>\n<p>Chrome: <a href=\"https:\/\/support.google.com\/accounts\/answer\/32050\" target=\"_blank\" rel=\"noopener noreferrer\">https:\/\/support.google.com\/accounts\/answer\/32050<\/a><\/p>\n<p>Safari: <a href=\"https:\/\/support.apple.com\/en-in\/guide\/safari\/sfri11471\/mac\" target=\"_blank\" rel=\"noopener noreferrer\">https:\/\/support.apple.com\/en-in\/guide\/safari\/sfri11471\/mac<\/a><\/p>\n<p>Firefox: <a href=\"https:\/\/support.mozilla.org\/en-US\/kb\/clear-cookies-and-site-data-firefox?redirectslug=delete-cookies-remove-info-websites-stored&amp;redirectlocale=en-US\" target=\"_blank\" rel=\"noopener noreferrer\">https:\/\/support.mozilla.org\/en-US\/kb\/clear-cookies-and-site-data-firefox?redirectslug=delete-cookies-remove-info-websites-stored&amp;redirectlocale=en-US<\/a><\/p>\n<p>Internet Explorer: <a href=\"https:\/\/support.microsoft.com\/en-us\/topic\/how-to-delete-cookie-files-in-internet-explorer-bca9446f-d873-78de-77ba-d42645fa52fc\" target=\"_blank\" rel=\"noopener noreferrer\">https:\/\/support.microsoft.com\/en-us\/topic\/how-to-delete-cookie-files-in-internet-explorer-bca9446f-d873-78de-77ba-d42645fa52fc<\/a><\/p>\n<p>&nbsp;<\/p>\n<p>Si usa otro navegador web, consulte la documentaci\u00f3n de ayuda oficial de este.<\/p>\n<\/div>\n<p>&nbsp;<\/p>\n<p class=\"cookie-policy-p\">CookieYes ha generado esta pol\u00edtica de <a href=\"https:\/\/www.cookieyes.com\/?utm_source=CP&amp;utm_medium=footer&amp;utm_campaign=UW\" target=\"_blank\" rel=\"noopener noreferrer\">cookies &#8211; generador de pol\u00edticas de cookies<\/a><\/p>\n<\/div>\n<\/div>\n<p>&nbsp;<\/p>\n<ul>\n<li style=\"text-align: justify;\">Para cualquier duda o consulta acerca de esta pol\u00edtica de <em>cookies<\/em> no dude en comunicarse con nosotros a trav\u00e9s de la secci\u00f3n de contacto.<\/li>\n<\/ul>\n\n\t\t<\/div> \n\t<\/div> \t<div class=\"vc_empty_space\"  style=\"height: 72px\" ><span\n\t\t\tclass=\"vc_empty_space_inner\">\n\t\t\t<span class=\"empty_space_image\"  ><\/span>\n\t\t<\/span><\/div>\n\n<\/div><\/div><\/div><\/div><\/div><\/div>\n<\/div>","protected":false},"excerpt":{"rendered":"Pol\u00edtica de cookies &nbsp; \u00bfQu\u00e9 son las cookies? &nbsp; Esta pol\u00edtica de cookies explica qu\u00e9 son las cookies, c\u00f3mo las usamos, los tipos de cookies que usamos (p. ej., la informaci\u00f3n que recopilamos al usar las cookies y c\u00f3mo se usa dicha informaci\u00f3n) y c\u00f3mo...","protected":false},"author":1,"featured_media":0,"parent":0,"menu_order":0,"comment_status":"closed","ping_status":"closed","template":"","meta":{"footnotes":""},"class_list":["post-508","page","type-page","status-publish","hentry"],"aioseo_notices":[],"_links":{"self":[{"href":"https:\/\/www.niproma.com\/en\/wp-json\/wp\/v2\/pages\/508","targetHints":{"allow":["GET"]}}],"collection":[{"href":"https:\/\/www.niproma.com\/en\/wp-json\/wp\/v2\/pages"}],"about":[{"href":"https:\/\/www.niproma.com\/en\/wp-json\/wp\/v2\/types\/page"}],"author":[{"embeddable":true,"href":"https:\/\/www.niproma.com\/en\/wp-json\/wp\/v2\/users\/1"}],"replies":[{"embeddable":true,"href":"https:\/\/www.niproma.com\/en\/wp-json\/wp\/v2\/comments?post=508"}],"version-history":[{"count":8,"href":"https:\/\/www.niproma.com\/en\/wp-json\/wp\/v2\/pages\/508\/revisions"}],"predecessor-version":[{"id":912,"href":"https:\/\/www.niproma.com\/en\/wp-json\/wp\/v2\/pages\/508\/revisions\/912"}],"wp:attachment":[{"href":"https:\/\/www.niproma.com\/en\/wp-json\/wp\/v2\/media?parent=508"}],"curies":[{"name":"wp","href":"https:\/\/api.w.org\/{rel}","templated":true}]}}